{"id":385,"date":"2024-09-26T21:43:11","date_gmt":"2024-09-26T18:43:11","guid":{"rendered":"https:\/\/nordicmarin.fi\/?page_id=385"},"modified":"2025-08-13T12:04:12","modified_gmt":"2025-08-13T09:04:12","slug":"priser","status":"publish","type":"page","link":"https:\/\/nordicmarin.fi\/sv\/priser\/","title":{"rendered":"Priser"},"content":{"rendered":"<style>.kb-row-layout-id384_9e3a9e-0e > .kt-row-column-wrap{align-content:start;}:where(.kb-row-layout-id384_9e3a9e-0e > .kt-row-column-wrap) > .wp-block-kadence-column{justify-content:start;}.kb-row-layout-id384_9e3a9e-0e > .kt-row-column-wrap{column-gap:var(--global-kb-gap-md, 2rem);row-gap:var(--global-kb-gap-md, 2rem);padding-top:180px;padding-bottom:180px;min-height:600px;grid-template-columns:minmax(0, 1fr);}.kb-row-layout-id384_9e3a9e-0e{background-image:url('https:\/\/nordicmarin.fi\/wp-content\/uploads\/2024\/09\/veneen-vesille-lasku-krako-1.jpg');background-size:cover;background-position:62% 47%;background-attachment:scroll;background-repeat:no-repeat;}.kb-row-layout-id384_9e3a9e-0e > .kt-row-layout-overlay{opacity:0.32;}.kb-row-layout-id384_9e3a9e-0e .kt-row-layout-bottom-sep{height:55px;}.kb-row-layout-id384_9e3a9e-0e .kt-row-layout-bottom-sep svg{width:100%;}.kb-row-layout-id384_9e3a9e-0e .kt-row-layout-bottom-sep svg{fill:var(--global-palette8, #F7FAFC)!important;}@media all and (max-width: 1024px){.kb-row-layout-id384_9e3a9e-0e > .kt-row-column-wrap{padding-top:100px;padding-bottom:100px;grid-template-columns:minmax(0, 1fr);}}@media all and (max-width: 1024px){.kb-row-layout-id384_9e3a9e-0e .kt-row-layout-bottom-sep{height:25px;}}@media all and (max-width: 1024px){.kb-row-layout-id384_9e3a9e-0e .kt-row-layout-bottom-sep svg{width:%;}}@media all and (max-width: 767px){.kb-row-layout-id384_9e3a9e-0e > .kt-row-column-wrap{padding-top:60px;padding-bottom:33px;grid-template-columns:minmax(0, 1fr);}.kb-row-layout-wrap.wp-block-kadence-rowlayout.kb-row-layout-id384_9e3a9e-0e{background-image:url('https:\/\/nordicmarin.fi\/wp-content\/uploads\/2024\/09\/veneen-vesille-lasku-krako.jpg');background-size:cover;background-position:46% 45%;background-attachment:scroll;background-repeat:no-repeat;}.kb-row-layout-id384_9e3a9e-0e > .kt-row-layout-overlay{opacity:0.50;background:var(--global-palette3, #1A202C);}.kb-row-layout-id384_9e3a9e-0e .kt-row-layout-bottom-sep{height:15px;}.kb-row-layout-id384_9e3a9e-0e .kt-row-layout-bottom-sep svg{width:%;}}<\/style><div class=\"kb-row-layout-wrap kb-row-layout-id384_9e3a9e-0e alignfull has-theme-palette8-background-color kt-row-has-bg wp-block-kadence-rowlayout\"><div class=\"kt-row-layout-overlay kt-row-overlay-normal\"><\/div><div class=\"kt-row-layout-bottom-sep kt-row-sep-type-crvi\"><svg viewBox=\"0 0 1000 100\" preserveAspectRatio=\"none\"><path d=\"M1000,0c0,0 -270.987,98 -500,98c-229.013,0 -500,-98 -500,-98l0,100l1000,0l0,-100Z\" \/><\/svg><\/div><div class=\"kt-row-column-wrap kt-has-1-columns kt-row-layout-equal kt-tab-layout-inherit kt-mobile-layout-row kt-row-valign-top\">\n<style>.kadence-column384_8876e7-fe > .kt-inside-inner-col,.kadence-column384_8876e7-fe > .kt-inside-inner-col:before{border-top-left-radius:0px;border-top-right-radius:0px;border-bottom-right-radius:0px;border-bottom-left-radius:0px;}.kadence-column384_8876e7-fe > .kt-inside-inner-col{column-gap:var(--global-kb-gap-sm, 1rem);}.kadence-column384_8876e7-fe > .kt-inside-inner-col{flex-direction:column;}.kadence-column384_8876e7-fe > .kt-inside-inner-col > .aligncenter{width:100%;}.kadence-column384_8876e7-fe > .kt-inside-inner-col:before{opacity:0.3;}.kadence-column384_8876e7-fe{position:relative;}@media all and (max-width: 1024px){.kadence-column384_8876e7-fe > .kt-inside-inner-col{flex-direction:column;justify-content:center;}}@media all and (max-width: 767px){.kadence-column384_8876e7-fe > .kt-inside-inner-col{flex-direction:column;justify-content:center;}}<\/style>\n<div class=\"wp-block-kadence-column kadence-column384_8876e7-fe\"><div class=\"kt-inside-inner-col\"><\/div><\/div>\n\n<\/div><\/div><style>.kb-row-layout-id384_df992b-52 > .kt-row-column-wrap{align-content:start;}:where(.kb-row-layout-id384_df992b-52 > .kt-row-column-wrap) > .wp-block-kadence-column{justify-content:start;}.kb-row-layout-id384_df992b-52 > .kt-row-column-wrap{column-gap:var(--global-kb-gap-md, 2rem);row-gap:var(--global-kb-gap-md, 2rem);padding-top:var(--global-kb-spacing-xl, 4rem);grid-template-columns:minmax(0, 1fr);}.kb-row-layout-id384_df992b-52 > .kt-row-layout-overlay{opacity:0.30;}@media all and (max-width: 1024px){.kb-row-layout-id384_df992b-52 > .kt-row-column-wrap{grid-template-columns:minmax(0, 1fr);}}@media all and (max-width: 767px){.kb-row-layout-id384_df992b-52 > .kt-row-column-wrap{padding-top:30px;padding-bottom:60px;grid-template-columns:minmax(0, 1fr);}}<\/style><div class=\"kb-row-layout-wrap kb-row-layout-id384_df992b-52 alignfull has-theme-palette8-background-color kt-row-has-bg wp-block-kadence-rowlayout\"><div class=\"kt-row-column-wrap kt-has-1-columns kt-row-layout-equal kt-tab-layout-inherit kt-mobile-layout-row kt-row-valign-top\">\n<style>.kadence-column384_d05c08-25 > .kt-inside-inner-col,.kadence-column384_d05c08-25 > .kt-inside-inner-col:before{border-top-left-radius:0px;border-top-right-radius:0px;border-bottom-right-radius:0px;border-bottom-left-radius:0px;}.kadence-column384_d05c08-25 > .kt-inside-inner-col{column-gap:var(--global-kb-gap-sm, 1rem);}.kadence-column384_d05c08-25 > .kt-inside-inner-col{flex-direction:column;}.kadence-column384_d05c08-25 > .kt-inside-inner-col > .aligncenter{width:100%;}.kadence-column384_d05c08-25 > .kt-inside-inner-col{background-color:var(--global-palette8, #F7FAFC);}.kadence-column384_d05c08-25 > .kt-inside-inner-col:before{opacity:0.3;}.kadence-column384_d05c08-25{position:relative;}@media all and (max-width: 1024px){.kadence-column384_d05c08-25 > .kt-inside-inner-col{flex-direction:column;justify-content:center;}}@media all and (max-width: 767px){.kadence-column384_d05c08-25 > .kt-inside-inner-col{flex-direction:column;justify-content:center;}}<\/style>\n<div class=\"wp-block-kadence-column kadence-column384_d05c08-25\"><div class=\"kt-inside-inner-col\"><style>.kb-row-layout-id384_d71515-ef > .kt-row-column-wrap{align-content:start;}:where(.kb-row-layout-id384_d71515-ef > .kt-row-column-wrap) > .wp-block-kadence-column{justify-content:start;}.kb-row-layout-id384_d71515-ef > .kt-row-column-wrap{column-gap:100px;row-gap:var(--global-kb-gap-md, 2rem);max-width:var( --global-content-width, 1290px );padding-left:var(--global-content-edge-padding);padding-right:var(--global-content-edge-padding);padding-top:var(--global-kb-spacing-sm, 1.5rem);padding-bottom:var(--global-kb-spacing-xl, 4rem);grid-template-columns:repeat(2, minmax(0, 1fr));}.kb-row-layout-id384_d71515-ef > .kt-row-layout-overlay{opacity:0.30;}@media all and (max-width: 1024px){.kb-row-layout-id384_d71515-ef > .kt-row-column-wrap{grid-template-columns:repeat(2, minmax(0, 1fr));}}@media all and (max-width: 767px){.kb-row-layout-id384_d71515-ef > .kt-row-column-wrap{padding-right:0px;padding-bottom:0px;padding-left:0px;grid-template-columns:minmax(0, 1fr);}}<\/style><div class=\"kb-row-layout-wrap kb-row-layout-id384_d71515-ef alignnone wp-block-kadence-rowlayout\"><div class=\"kt-row-column-wrap kt-has-2-columns kt-row-layout-equal kt-tab-layout-inherit kt-mobile-layout-row kt-row-valign-top kb-theme-content-width\">\n<style>.kadence-column384_c5302c-b4 > .kt-inside-inner-col,.kadence-column384_c5302c-b4 > .kt-inside-inner-col:before{border-top-left-radius:0px;border-top-right-radius:0px;border-bottom-right-radius:0px;border-bottom-left-radius:0px;}.kadence-column384_c5302c-b4 > .kt-inside-inner-col{column-gap:var(--global-kb-gap-sm, 1rem);}.kadence-column384_c5302c-b4 > .kt-inside-inner-col{flex-direction:column;}.kadence-column384_c5302c-b4 > .kt-inside-inner-col > .aligncenter{width:100%;}.kadence-column384_c5302c-b4 > .kt-inside-inner-col:before{opacity:0.3;}.kadence-column384_c5302c-b4{position:relative;}@media all and (max-width: 1024px){.kadence-column384_c5302c-b4 > .kt-inside-inner-col{flex-direction:column;justify-content:center;}}@media all and (max-width: 767px){.kadence-column384_c5302c-b4 > .kt-inside-inner-col{flex-direction:column;justify-content:center;}}<\/style>\n<div class=\"wp-block-kadence-column kadence-column384_c5302c-b4\"><div class=\"kt-inside-inner-col\"><style>.wp-block-kadence-advancedheading.kt-adv-heading384_ff8a4f-cc, .wp-block-kadence-advancedheading.kt-adv-heading384_ff8a4f-cc[data-kb-block=\"kb-adv-heading384_ff8a4f-cc\"]{padding-bottom:40px;font-size:var(--global-kb-font-size-lg, 2rem);font-style:normal;}.wp-block-kadence-advancedheading.kt-adv-heading384_ff8a4f-cc mark.kt-highlight, .wp-block-kadence-advancedheading.kt-adv-heading384_ff8a4f-cc[data-kb-block=\"kb-adv-heading384_ff8a4f-cc\"] mark.kt-highlight{font-style:normal;color:#f76a0c;-webkit-box-decoration-break:clone;box-decoration-break:clone;padding-top:0px;padding-right:0px;padding-bottom:0px;padding-left:0px;}.wp-block-kadence-advancedheading.kt-adv-heading384_ff8a4f-cc img.kb-inline-image, .wp-block-kadence-advancedheading.kt-adv-heading384_ff8a4f-cc[data-kb-block=\"kb-adv-heading384_ff8a4f-cc\"] img.kb-inline-image{width:150px;vertical-align:baseline;}<\/style>\n<h2 class=\"kt-adv-heading384_ff8a4f-cc wp-block-kadence-advancedheading\" data-kb-block=\"kb-adv-heading384_ff8a4f-cc\">Priser, inkl. moms <\/h2>\n\n\n\n<figure class=\"wp-block-table is-style-regular\"><table class=\"has-border-color has-theme-palette-8-border-color\" style=\"border-width:1px\"><tbody><tr><td>Vinterf\u00f6rvaring, kall hall<\/td><td>53 \u20ac \/m<sup>2<\/sup><\/td><\/tr><tr><td>Vinterf\u00f6rvaring, varm hall<\/td><td>89 \u20ac \/m<sup>2<\/sup><\/td><\/tr><tr><td>B\u00e5tupptagning och sj\u00f6s\u00e4ttning, under 1500 kg<\/td><td>240 \u20ac<\/td><\/tr><tr><td>B\u00e5tupptagning och sj\u00f6s\u00e4ttning, under 4000 kg<\/td><td>400 \u20ac<\/td><\/tr><\/tbody><\/table><\/figure>\n\n\n\n<p><em>Med f\u00f6rbeh\u00e5ll f\u00f6r prisf\u00f6r\u00e4ndringar.<\/em><\/p>\n\n\n<style>.wp-block-kadence-advancedheading.kt-adv-heading384_00fd82-29, .wp-block-kadence-advancedheading.kt-adv-heading384_00fd82-29[data-kb-block=\"kb-adv-heading384_00fd82-29\"]{font-style:normal;}.wp-block-kadence-advancedheading.kt-adv-heading384_00fd82-29 mark.kt-highlight, .wp-block-kadence-advancedheading.kt-adv-heading384_00fd82-29[data-kb-block=\"kb-adv-heading384_00fd82-29\"] mark.kt-highlight{font-style:normal;color:#f76a0c;-webkit-box-decoration-break:clone;box-decoration-break:clone;padding-top:0px;padding-right:0px;padding-bottom:0px;padding-left:0px;}.wp-block-kadence-advancedheading.kt-adv-heading384_00fd82-29 img.kb-inline-image, .wp-block-kadence-advancedheading.kt-adv-heading384_00fd82-29[data-kb-block=\"kb-adv-heading384_00fd82-29\"] img.kb-inline-image{width:150px;vertical-align:baseline;}<\/style>\n<h4 class=\"kt-adv-heading384_00fd82-29 wp-block-kadence-advancedheading\" data-kb-block=\"kb-adv-heading384_00fd82-29\">Be offert p\u00e5 service!<\/h4>\n\n\n\n<p>Vi utf\u00f6r t.ex. tv\u00e4tt, vaxning, m\u00e5lning av b\u00e5tbotten och drev, laddning av batterier, motorservice och reparationer, lackering och underh\u00e5ll av tr\u00e4delar<\/p>\n\n\n<style>.wp-block-kadence-advancedbtn.kb-btns384_c71242-bc{padding-top:40px;gap:var(--global-kb-gap-md, 2rem);justify-content:flex-start;align-items:center;}.kt-btns384_c71242-bc .kt-button{font-weight:normal;font-style:normal;}.kt-btns384_c71242-bc .kt-btn-wrap-0{margin-right:5px;}.wp-block-kadence-advancedbtn.kt-btns384_c71242-bc .kt-btn-wrap-0 .kt-button{color:#555555;border-color:#555555;}.wp-block-kadence-advancedbtn.kt-btns384_c71242-bc .kt-btn-wrap-0 .kt-button:hover, .wp-block-kadence-advancedbtn.kt-btns384_c71242-bc .kt-btn-wrap-0 .kt-button:focus{color:#ffffff;border-color:#444444;}.wp-block-kadence-advancedbtn.kt-btns384_c71242-bc .kt-btn-wrap-0 .kt-button::before{display:none;}.wp-block-kadence-advancedbtn.kt-btns384_c71242-bc .kt-btn-wrap-0 .kt-button:hover, .wp-block-kadence-advancedbtn.kt-btns384_c71242-bc .kt-btn-wrap-0 .kt-button:focus{background:#444444;}<\/style>\n<div class=\"wp-block-kadence-advancedbtn kb-buttons-wrap kb-btns384_c71242-bc\"><style>ul.menu .wp-block-kadence-advancedbtn .kb-btn384_fc4ff9-e3.kb-button{width:initial;}<\/style><a class=\"kb-button kt-button button kb-btn384_fc4ff9-e3 kt-btn-size-standard kt-btn-width-type-auto kb-btn-global-inherit  kt-btn-has-text-true kt-btn-has-svg-false  wp-block-button__link wp-block-kadence-singlebtn\" href=\"https:\/\/nordicmarin.fi\/sv\/kontaktuppgifter\/\"><span class=\"kt-btn-inner-text\">Ta kontakt<\/span><\/a>\n\n<style>ul.menu .wp-block-kadence-advancedbtn .kb-btn384_26e9aa-18.kb-button{width:initial;}<\/style><a class=\"kb-button kt-button button kb-btn384_26e9aa-18 kt-btn-size-standard kt-btn-width-type-auto kb-btn-global-inherit  kt-btn-has-text-true kt-btn-has-svg-true  wp-block-button__link wp-block-kadence-singlebtn\" href=\"https:\/\/nordicmarin.fi\/sv\/begar-offert-prisuppskattning-pa-vinterforvaring-av-bat\/\"><span class=\"kt-btn-inner-text\">Prisuppskattning<\/span><span class=\"kb-svg-icon-wrap kb-svg-icon-fe_arrowRight kt-btn-icon-side-right\"><svg viewBox=\"0 0 24 24\"  fill=\"none\" stroke=\"currentColor\" stroke-width=\"2\" stroke-linecap=\"round\" stroke-linejoin=\"round\" xmlns=\"http:\/\/www.w3.org\/2000\/svg\"  aria-hidden=\"true\"><line x1=\"5\" y1=\"12\" x2=\"19\" y2=\"12\"\/><polyline points=\"12 5 19 12 12 19\"\/><\/svg><\/span><\/a><\/div>\n<\/div><\/div>\n\n\n<style>.kadence-column384_76a69b-67 > .kt-inside-inner-col,.kadence-column384_76a69b-67 > .kt-inside-inner-col:before{border-top-left-radius:0px;border-top-right-radius:0px;border-bottom-right-radius:0px;border-bottom-left-radius:0px;}.kadence-column384_76a69b-67 > .kt-inside-inner-col{column-gap:var(--global-kb-gap-sm, 1rem);}.kadence-column384_76a69b-67 > .kt-inside-inner-col{flex-direction:column;}.kadence-column384_76a69b-67 > .kt-inside-inner-col > .aligncenter{width:100%;}.kadence-column384_76a69b-67 > .kt-inside-inner-col:before{opacity:0.3;}.kadence-column384_76a69b-67{position:relative;}@media all and (max-width: 1024px){.kadence-column384_76a69b-67 > .kt-inside-inner-col{flex-direction:column;justify-content:center;}}@media all and (max-width: 767px){.kadence-column384_76a69b-67 > .kt-inside-inner-col{flex-direction:column;justify-content:center;}}<\/style>\n<div class=\"wp-block-kadence-column kadence-column384_76a69b-67\"><div class=\"kt-inside-inner-col\"><style>.kb-image384_f9caa5-eb .kb-image-has-overlay:after{opacity:0.3;}<\/style>\n<figure class=\"wp-block-kadence-image kb-image384_f9caa5-eb size-full\"><img loading=\"lazy\" decoding=\"async\" width=\"800\" height=\"880\" src=\"https:\/\/nordicmarin.fi\/wp-content\/uploads\/2024\/09\/moottoriveneiden-nosto-hinta.jpg\" alt=\"Upptagning av motorb\u00e5tar, se prislista f\u00f6r stora och sm\u00e5 b\u00e5tar.\" class=\"kb-img wp-image-419\" srcset=\"https:\/\/nordicmarin.fi\/wp-content\/uploads\/2024\/09\/moottoriveneiden-nosto-hinta.jpg 800w, https:\/\/nordicmarin.fi\/wp-content\/uploads\/2024\/09\/moottoriveneiden-nosto-hinta-273x300.jpg 273w, https:\/\/nordicmarin.fi\/wp-content\/uploads\/2024\/09\/moottoriveneiden-nosto-hinta-768x845.jpg 768w\" sizes=\"auto, (max-width: 800px) 100vw, 800px\" \/><\/figure>\n<\/div><\/div>\n\n<\/div><\/div><\/div><\/div>\n\n<\/div><\/div>","protected":false},"excerpt":{"rendered":"<p>Priser, inkl. moms Vinterf\u00f6rvaring, kall hall 53 \u20ac \/m2 Vinterf\u00f6rvaring, varm hall 89 \u20ac \/m2 B\u00e5tupptagning och sj\u00f6s\u00e4ttning, under 1500 kg 240 \u20ac B\u00e5tupptagning och sj\u00f6s\u00e4ttning, under 4000 kg 400 \u20ac Med f\u00f6rbeh\u00e5ll f\u00f6r prisf\u00f6r\u00e4ndringar. Be offert p\u00e5 service! Vi utf\u00f6r t.ex. tv\u00e4tt, vaxning, m\u00e5lning av b\u00e5tbotten och drev, laddning av batterier, motorservice och reparationer,&#8230;<\/p>\n","protected":false},"author":1,"featured_media":403,"parent":0,"menu_order":0,"comment_status":"closed","ping_status":"closed","template":"","meta":{"_kad_blocks_custom_css":"","_kad_blocks_head_custom_js":"","_kad_blocks_body_custom_js":"","_kad_blocks_footer_custom_js":"","_kad_post_transparent":"","_kad_post_title":"","_kad_post_layout":"","_kad_post_sidebar_id":"","_kad_post_content_style":"","_kad_post_vertical_padding":"","_kad_post_feature":"","_kad_post_feature_position":"","_kad_post_header":false,"_kad_post_footer":false,"_kad_post_classname":"","footnotes":""},"class_list":["post-385","page","type-page","status-publish","has-post-thumbnail","hentry"],"yoast_head":"<!-- This site is optimized with the Yoast SEO plugin v27.4 - https:\/\/yoast.com\/product\/yoast-seo-wordpress\/ -->\n<title>Priser | Nordic Marin<\/title>\n<meta name=\"description\" content=\"Priser: lagring av b\u00e5tar i varm eller kall hall, vinterf\u00f6rvaring, b\u00e5tupptagning och sj\u00f6s\u00e4ttning.\" \/>\n<meta name=\"robots\" content=\"index, follow, max-snippet:-1, max-image-preview:large, max-video-preview:-1\" \/>\n<link rel=\"canonical\" href=\"https:\/\/nordicmarin.fi\/sv\/priser\/\" \/>\n<meta property=\"og:locale\" content=\"sv_SE\" \/>\n<meta property=\"og:type\" content=\"article\" \/>\n<meta property=\"og:title\" content=\"Priser | Nordic Marin\" \/>\n<meta property=\"og:description\" content=\"Priser: lagring av b\u00e5tar i varm eller kall hall, vinterf\u00f6rvaring, b\u00e5tupptagning och sj\u00f6s\u00e4ttning.\" \/>\n<meta property=\"og:url\" content=\"https:\/\/nordicmarin.fi\/sv\/priser\/\" \/>\n<meta property=\"og:site_name\" content=\"Nordic Marin\" \/>\n<meta property=\"article:publisher\" content=\"https:\/\/www.facebook.com\/search\/top?q=nordicmarin\" \/>\n<meta property=\"article:modified_time\" content=\"2025-08-13T09:04:12+00:00\" \/>\n<meta property=\"og:image\" content=\"https:\/\/nordicmarin.fi\/wp-content\/uploads\/2024\/09\/nordic-marin-hinnasto.jpg\" \/>\n\t<meta property=\"og:image:width\" content=\"1200\" \/>\n\t<meta property=\"og:image:height\" content=\"630\" \/>\n\t<meta property=\"og:image:type\" content=\"image\/jpeg\" \/>\n<meta name=\"twitter:card\" content=\"summary_large_image\" \/>\n<script type=\"application\/ld+json\" class=\"yoast-schema-graph\">{\"@context\":\"https:\\\/\\\/schema.org\",\"@graph\":[{\"@type\":\"WebPage\",\"@id\":\"https:\\\/\\\/nordicmarin.fi\\\/sv\\\/priser\\\/\",\"url\":\"https:\\\/\\\/nordicmarin.fi\\\/sv\\\/priser\\\/\",\"name\":\"Priser | Nordic Marin\",\"isPartOf\":{\"@id\":\"https:\\\/\\\/nordicmarin.fi\\\/sv\\\/#website\"},\"primaryImageOfPage\":{\"@id\":\"https:\\\/\\\/nordicmarin.fi\\\/sv\\\/priser\\\/#primaryimage\"},\"image\":{\"@id\":\"https:\\\/\\\/nordicmarin.fi\\\/sv\\\/priser\\\/#primaryimage\"},\"thumbnailUrl\":\"https:\\\/\\\/nordicmarin.fi\\\/wp-content\\\/uploads\\\/2024\\\/09\\\/nordic-marin-hinnasto.jpg\",\"datePublished\":\"2024-09-26T18:43:11+00:00\",\"dateModified\":\"2025-08-13T09:04:12+00:00\",\"description\":\"Priser: lagring av b\u00e5tar i varm eller kall hall, vinterf\u00f6rvaring, b\u00e5tupptagning och sj\u00f6s\u00e4ttning.\",\"breadcrumb\":{\"@id\":\"https:\\\/\\\/nordicmarin.fi\\\/sv\\\/priser\\\/#breadcrumb\"},\"inLanguage\":\"sv-SE\",\"potentialAction\":[{\"@type\":\"ReadAction\",\"target\":[\"https:\\\/\\\/nordicmarin.fi\\\/sv\\\/priser\\\/\"]}]},{\"@type\":\"ImageObject\",\"inLanguage\":\"sv-SE\",\"@id\":\"https:\\\/\\\/nordicmarin.fi\\\/sv\\\/priser\\\/#primaryimage\",\"url\":\"https:\\\/\\\/nordicmarin.fi\\\/wp-content\\\/uploads\\\/2024\\\/09\\\/nordic-marin-hinnasto.jpg\",\"contentUrl\":\"https:\\\/\\\/nordicmarin.fi\\\/wp-content\\\/uploads\\\/2024\\\/09\\\/nordic-marin-hinnasto.jpg\",\"width\":1200,\"height\":630,\"caption\":\"Nordic Marin hinnasto veneiden varastoinnista ja nostoista ja laskusta.\"},{\"@type\":\"BreadcrumbList\",\"@id\":\"https:\\\/\\\/nordicmarin.fi\\\/sv\\\/priser\\\/#breadcrumb\",\"itemListElement\":[{\"@type\":\"ListItem\",\"position\":1,\"name\":\"Etusivu\",\"item\":\"https:\\\/\\\/nordicmarin.fi\\\/sv\\\/\"},{\"@type\":\"ListItem\",\"position\":2,\"name\":\"Priser\"}]},{\"@type\":\"WebSite\",\"@id\":\"https:\\\/\\\/nordicmarin.fi\\\/sv\\\/#website\",\"url\":\"https:\\\/\\\/nordicmarin.fi\\\/sv\\\/\",\"name\":\"Nordic Marin\",\"description\":\"Veneiden talvis&auml;ilytys ja huolto\",\"publisher\":{\"@id\":\"https:\\\/\\\/nordicmarin.fi\\\/sv\\\/#organization\"},\"alternateName\":\"Nordic Marin\",\"potentialAction\":[{\"@type\":\"SearchAction\",\"target\":{\"@type\":\"EntryPoint\",\"urlTemplate\":\"https:\\\/\\\/nordicmarin.fi\\\/sv\\\/?s={search_term_string}\"},\"query-input\":{\"@type\":\"PropertyValueSpecification\",\"valueRequired\":true,\"valueName\":\"search_term_string\"}}],\"inLanguage\":\"sv-SE\"},{\"@type\":\"Organization\",\"@id\":\"https:\\\/\\\/nordicmarin.fi\\\/sv\\\/#organization\",\"name\":\"Nordic Marin Kb\",\"alternateName\":\"Nordic Marin\",\"url\":\"https:\\\/\\\/nordicmarin.fi\\\/sv\\\/\",\"logo\":{\"@type\":\"ImageObject\",\"inLanguage\":\"sv-SE\",\"@id\":\"https:\\\/\\\/nordicmarin.fi\\\/sv\\\/#\\\/schema\\\/logo\\\/image\\\/\",\"url\":\"https:\\\/\\\/nordicmarin.fi\\\/wp-content\\\/uploads\\\/2024\\\/09\\\/nordic-marin-logo-etusivulle.png\",\"contentUrl\":\"https:\\\/\\\/nordicmarin.fi\\\/wp-content\\\/uploads\\\/2024\\\/09\\\/nordic-marin-logo-etusivulle.png\",\"width\":350,\"height\":350,\"caption\":\"Nordic Marin Kb\"},\"image\":{\"@id\":\"https:\\\/\\\/nordicmarin.fi\\\/sv\\\/#\\\/schema\\\/logo\\\/image\\\/\"},\"sameAs\":[\"https:\\\/\\\/www.facebook.com\\\/search\\\/top?q=nordicmarin\",\"https:\\\/\\\/www.instagram.com\\\/nordicmarin\\\/\"]}]}<\/script>\n<!-- \/ Yoast SEO plugin. -->","yoast_head_json":{"title":"Priser | Nordic Marin","description":"Priser: lagring av b\u00e5tar i varm eller kall hall, vinterf\u00f6rvaring, b\u00e5tupptagning och sj\u00f6s\u00e4ttning.","robots":{"index":"index","follow":"follow","max-snippet":"max-snippet:-1","max-image-preview":"max-image-preview:large","max-video-preview":"max-video-preview:-1"},"canonical":"https:\/\/nordicmarin.fi\/sv\/priser\/","og_locale":"sv_SE","og_type":"article","og_title":"Priser | Nordic Marin","og_description":"Priser: lagring av b\u00e5tar i varm eller kall hall, vinterf\u00f6rvaring, b\u00e5tupptagning och sj\u00f6s\u00e4ttning.","og_url":"https:\/\/nordicmarin.fi\/sv\/priser\/","og_site_name":"Nordic Marin","article_publisher":"https:\/\/www.facebook.com\/search\/top?q=nordicmarin","article_modified_time":"2025-08-13T09:04:12+00:00","og_image":[{"width":1200,"height":630,"url":"https:\/\/nordicmarin.fi\/wp-content\/uploads\/2024\/09\/nordic-marin-hinnasto.jpg","type":"image\/jpeg"}],"twitter_card":"summary_large_image","schema":{"@context":"https:\/\/schema.org","@graph":[{"@type":"WebPage","@id":"https:\/\/nordicmarin.fi\/sv\/priser\/","url":"https:\/\/nordicmarin.fi\/sv\/priser\/","name":"Priser | Nordic Marin","isPartOf":{"@id":"https:\/\/nordicmarin.fi\/sv\/#website"},"primaryImageOfPage":{"@id":"https:\/\/nordicmarin.fi\/sv\/priser\/#primaryimage"},"image":{"@id":"https:\/\/nordicmarin.fi\/sv\/priser\/#primaryimage"},"thumbnailUrl":"https:\/\/nordicmarin.fi\/wp-content\/uploads\/2024\/09\/nordic-marin-hinnasto.jpg","datePublished":"2024-09-26T18:43:11+00:00","dateModified":"2025-08-13T09:04:12+00:00","description":"Priser: lagring av b\u00e5tar i varm eller kall hall, vinterf\u00f6rvaring, b\u00e5tupptagning och sj\u00f6s\u00e4ttning.","breadcrumb":{"@id":"https:\/\/nordicmarin.fi\/sv\/priser\/#breadcrumb"},"inLanguage":"sv-SE","potentialAction":[{"@type":"ReadAction","target":["https:\/\/nordicmarin.fi\/sv\/priser\/"]}]},{"@type":"ImageObject","inLanguage":"sv-SE","@id":"https:\/\/nordicmarin.fi\/sv\/priser\/#primaryimage","url":"https:\/\/nordicmarin.fi\/wp-content\/uploads\/2024\/09\/nordic-marin-hinnasto.jpg","contentUrl":"https:\/\/nordicmarin.fi\/wp-content\/uploads\/2024\/09\/nordic-marin-hinnasto.jpg","width":1200,"height":630,"caption":"Nordic Marin hinnasto veneiden varastoinnista ja nostoista ja laskusta."},{"@type":"BreadcrumbList","@id":"https:\/\/nordicmarin.fi\/sv\/priser\/#breadcrumb","itemListElement":[{"@type":"ListItem","position":1,"name":"Etusivu","item":"https:\/\/nordicmarin.fi\/sv\/"},{"@type":"ListItem","position":2,"name":"Priser"}]},{"@type":"WebSite","@id":"https:\/\/nordicmarin.fi\/sv\/#website","url":"https:\/\/nordicmarin.fi\/sv\/","name":"Nordic Marin","description":"Veneiden talvis&auml;ilytys ja huolto","publisher":{"@id":"https:\/\/nordicmarin.fi\/sv\/#organization"},"alternateName":"Nordic Marin","potentialAction":[{"@type":"SearchAction","target":{"@type":"EntryPoint","urlTemplate":"https:\/\/nordicmarin.fi\/sv\/?s={search_term_string}"},"query-input":{"@type":"PropertyValueSpecification","valueRequired":true,"valueName":"search_term_string"}}],"inLanguage":"sv-SE"},{"@type":"Organization","@id":"https:\/\/nordicmarin.fi\/sv\/#organization","name":"Nordic Marin Kb","alternateName":"Nordic Marin","url":"https:\/\/nordicmarin.fi\/sv\/","logo":{"@type":"ImageObject","inLanguage":"sv-SE","@id":"https:\/\/nordicmarin.fi\/sv\/#\/schema\/logo\/image\/","url":"https:\/\/nordicmarin.fi\/wp-content\/uploads\/2024\/09\/nordic-marin-logo-etusivulle.png","contentUrl":"https:\/\/nordicmarin.fi\/wp-content\/uploads\/2024\/09\/nordic-marin-logo-etusivulle.png","width":350,"height":350,"caption":"Nordic Marin Kb"},"image":{"@id":"https:\/\/nordicmarin.fi\/sv\/#\/schema\/logo\/image\/"},"sameAs":["https:\/\/www.facebook.com\/search\/top?q=nordicmarin","https:\/\/www.instagram.com\/nordicmarin\/"]}]}},"taxonomy_info":[],"featured_image_src_large":["https:\/\/nordicmarin.fi\/wp-content\/uploads\/2024\/09\/nordic-marin-hinnasto-1024x538.jpg",1024,538,true],"author_info":{"display_name":"admin","author_link":"https:\/\/nordicmarin.fi\/sv\/author\/admin\/"},"comment_info":0,"_links":{"self":[{"href":"https:\/\/nordicmarin.fi\/sv\/wp-json\/wp\/v2\/pages\/385","targetHints":{"allow":["GET"]}}],"collection":[{"href":"https:\/\/nordicmarin.fi\/sv\/wp-json\/wp\/v2\/pages"}],"about":[{"href":"https:\/\/nordicmarin.fi\/sv\/wp-json\/wp\/v2\/types\/page"}],"author":[{"embeddable":true,"href":"https:\/\/nordicmarin.fi\/sv\/wp-json\/wp\/v2\/users\/1"}],"replies":[{"embeddable":true,"href":"https:\/\/nordicmarin.fi\/sv\/wp-json\/wp\/v2\/comments?post=385"}],"version-history":[{"count":5,"href":"https:\/\/nordicmarin.fi\/sv\/wp-json\/wp\/v2\/pages\/385\/revisions"}],"predecessor-version":[{"id":649,"href":"https:\/\/nordicmarin.fi\/sv\/wp-json\/wp\/v2\/pages\/385\/revisions\/649"}],"wp:featuredmedia":[{"embeddable":true,"href":"https:\/\/nordicmarin.fi\/sv\/wp-json\/wp\/v2\/media\/403"}],"wp:attachment":[{"href":"https:\/\/nordicmarin.fi\/sv\/wp-json\/wp\/v2\/media?parent=385"}],"curies":[{"name":"wp","href":"https:\/\/api.w.org\/{rel}","templated":true}]}}